{"id":1977,"date":"2022-04-21T10:48:46","date_gmt":"2022-04-21T07:48:46","guid":{"rendered":"https:\/\/eurekart-project.eu\/?page_id=1977"},"modified":"2022-06-15T13:19:28","modified_gmt":"2022-06-15T10:19:28","slug":"resultados-previstos","status":"publish","type":"page","link":"https:\/\/eurekart-project.eu\/es\/resultados-previstos\/","title":{"rendered":"Resultados previstos"},"content":{"rendered":"<p><div class=\"fusion-fullwidth fullwidth-box fusion-builder-row-1 fusion-flex-container fusion-parallax-none nonhundred-percent-fullwidth non-hundred-percent-height-scrolling fusion-no-small-visibility fusion-no-medium-visibility lazyload\" style=\"--awb-border-radius-top-left:0px;--awb-border-radius-top-right:0px;--awb-border-radius-bottom-right:0px;--awb-border-radius-bottom-left:0px;--awb-min-height:420px;--awb-background-size:cover;--awb-flex-wrap:wrap;\" data-bg=\"https:\/\/eurekart-project.eu\/wp-content\/uploads\/2021\/12\/About-us_0003_Layer-1.jpg\" ><div class=\"fusion-builder-row fusion-row fusion-flex-align-items-flex-start fusion-flex-align-content-center fusion-flex-content-wrap\" style=\"max-width:1996.8px;margin-left: calc(-4% \/ 2 );margin-right: calc(-4% \/ 2 );\"><div class=\"fusion-layout-column fusion_builder_column fusion-builder-column-0 fusion_builder_column_1_1 1_1 fusion-flex-column\" style=\"--awb-bg-size:cover;--awb-width-large:100%;--awb-margin-top-large:0px;--awb-spacing-right-large:1.92%;--awb-margin-bottom-large:20px;--awb-spacing-left-large:1.92%;--awb-width-medium:100%;--awb-order-medium:0;--awb-spacing-right-medium:1.92%;--awb-spacing-left-medium:1.92%;--awb-width-small:100%;--awb-order-small:0;--awb-spacing-right-small:1.92%;--awb-spacing-left-small:1.92%;\"><div class=\"fusion-column-wrapper fusion-column-has-shadow fusion-flex-justify-content-flex-start fusion-content-layout-column\"><div class=\"fusion-title title fusion-title-1 fusion-sep-none fusion-title-center fusion-title-rotating fusion-animate-once fusion-title-typeIn fusion-title-size-one\" style=\"--awb-text-color:#ffffff;--awb-margin-top:0px;--awb-font-size:85px;\"><h1 class=\"fusion-title-heading title-heading-center\" style=\"font-family:&quot;PT Sans&quot;;font-style:normal;font-weight:700;margin:0;font-size:1em;\"><span class=\"fusion-animated-text-prefix\"><\/span> <span class=\"fusion-animated-texts-wrapper\" style=\"text-align: center;\" data-length=\"char\" data-minDisplayTime=\"1200\"><span class=\"fusion-animated-texts\"><span data-in-effect=\"typeIn\" class=\"fusion-animated-text\" data-in-sequence=\"true\" data-out-reverse=\"true\" data-out-effect=\"typeOut\">Resultados previstos<\/span><\/span><\/span> <span class=\"fusion-animated-text-postfix\"><\/span><\/h1><\/div><\/div><\/div><\/div><\/div><div class=\"fusion-fullwidth fullwidth-box fusion-builder-row-2 fusion-flex-container fusion-parallax-none nonhundred-percent-fullwidth non-hundred-percent-height-scrolling fusion-no-large-visibility lazyload\" style=\"--awb-border-radius-top-left:0px;--awb-border-radius-top-right:0px;--awb-border-radius-bottom-right:0px;--awb-border-radius-bottom-left:0px;--awb-min-height:220px;--awb-background-size:cover;--awb-flex-wrap:wrap;\" data-bg=\"https:\/\/eurekart-project.eu\/wp-content\/uploads\/2021\/12\/About-us_0003_Layer-1.jpg\" ><div class=\"fusion-builder-row fusion-row fusion-flex-align-items-center fusion-flex-align-content-center fusion-flex-justify-content-center fusion-flex-content-wrap\" style=\"max-width:1996.8px;margin-left: calc(-4% \/ 2 );margin-right: calc(-4% \/ 2 );\"><div class=\"fusion-layout-column fusion_builder_column fusion-builder-column-1 fusion_builder_column_1_1 1_1 fusion-flex-column\" style=\"--awb-bg-size:cover;--awb-width-large:100%;--awb-margin-top-large:0px;--awb-spacing-right-large:1.92%;--awb-margin-bottom-large:20px;--awb-spacing-left-large:1.92%;--awb-width-medium:100%;--awb-order-medium:0;--awb-spacing-right-medium:1.92%;--awb-spacing-left-medium:1.92%;--awb-width-small:100%;--awb-order-small:0;--awb-spacing-right-small:1.92%;--awb-spacing-left-small:1.92%;\"><div class=\"fusion-column-wrapper fusion-column-has-shadow fusion-flex-justify-content-flex-start fusion-content-layout-column\"><div class=\"fusion-title title fusion-title-2 fusion-sep-none fusion-title-center fusion-title-rotating fusion-animate-once fusion-title-typeIn fusion-title-size-one\" style=\"--awb-text-color:#ffffff;--awb-margin-top:0px;--awb-font-size:65px;\"><h1 class=\"fusion-title-heading title-heading-center\" style=\"font-family:&quot;PT Sans&quot;;font-style:normal;font-weight:700;margin:0;font-size:1em;\"><span class=\"fusion-animated-text-prefix\"><\/span> <span class=\"fusion-animated-texts-wrapper\" style=\"text-align: center;\" data-length=\"char\" data-minDisplayTime=\"1200\"><span class=\"fusion-animated-texts\"><span data-in-effect=\"typeIn\" class=\"fusion-animated-text\" data-in-sequence=\"true\" data-out-reverse=\"true\" data-out-effect=\"typeOut\">Resultados previstos<\/span><\/span><\/span> <span class=\"fusion-animated-text-postfix\"><\/span><\/h1><\/div><\/div><\/div><\/div><\/div><div class=\"fusion-fullwidth fullwidth-box fusion-builder-row-3 fusion-flex-container nonhundred-percent-fullwidth non-hundred-percent-height-scrolling\" style=\"--link_hover_color: #000000;--link_color: #cec18a;--awb-border-radius-top-left:0px;--awb-border-radius-top-right:0px;--awb-border-radius-bottom-right:0px;--awb-border-radius-bottom-left:0px;--awb-padding-top:40px;--awb-flex-wrap:wrap;\" ><div class=\"fusion-builder-row fusion-row fusion-flex-align-items-flex-start fusion-flex-content-wrap\" style=\"max-width:1996.8px;margin-left: calc(-4% \/ 2 );margin-right: calc(-4% \/ 2 );\"><div class=\"fusion-layout-column fusion_builder_column fusion-builder-column-2 fusion_builder_column_1_1 1_1 fusion-flex-column fusion-flex-align-self-stretch fusion-animated\" style=\"--awb-bg-size:cover;--awb-width-large:100%;--awb-margin-top-large:0px;--awb-spacing-right-large:1.92%;--awb-margin-bottom-large:20px;--awb-spacing-left-large:1.92%;--awb-width-medium:100%;--awb-order-medium:0;--awb-spacing-right-medium:1.92%;--awb-spacing-left-medium:1.92%;--awb-width-small:100%;--awb-order-small:0;--awb-spacing-right-small:1.92%;--awb-spacing-left-small:1.92%;\" data-animationType=\"fadeInRight\" data-animationDuration=\"1.0\" data-animationOffset=\"top-into-view\"><div class=\"fusion-column-wrapper fusion-column-has-shadow fusion-flex-justify-content-center fusion-content-layout-column\"><div class=\"fusion-text fusion-text-1 sm-text-align-center\" style=\"--awb-font-size:14px;--awb-letter-spacing:2px;--awb-text-transform:none;\"><p style=\"text-align: center;\"><strong>EurokArt Resultados previstos<br \/>\n<\/strong><\/p>\n<\/div><div class=\"fusion-title title fusion-title-3 fusion-sep-none fusion-title-text fusion-title-size-two fusion-animated lettersbord\" style=\"--awb-margin-top:0px;--awb-margin-bottom:30px;--awb-font-size:60px;\" data-animationType=\"lightspeedin\" data-animationDuration=\"0.3\" data-animationOffset=\"top-into-view\"><h2 class=\"fusion-title-heading title-heading-left sm-text-align-center\" style=\"margin:0;font-size:1em;line-height:3rem;\"><p style=\"text-align: center;\"><span style=\"color: #ffffff;\">Resultados previstos<\/span><\/p><\/h2><\/div><div class=\"fusion-text fusion-text-2 sm-text-align-center\" style=\"--awb-text-transform:none;\"><p style=\"text-align: center;\">Los resultados que esperamos obtener forman parte del impacto potencial del proyecto que se garantiza tras el desarrollo y la aplicaci\u00f3n de pr\u00e1cticas innovadoras en el \u00e1mbito de la educaci\u00f3n y la formaci\u00f3n.<\/p>\n<\/div><div class=\"fusion-separator fusion-full-width-sep\" style=\"align-self: center;margin-left: auto;margin-right: auto;margin-top:15px;width:100%;\"><\/div><\/div><\/div><\/div><\/div><div class=\"fusion-fullwidth fullwidth-box fusion-builder-row-4 fusion-flex-container nonhundred-percent-fullwidth non-hundred-percent-height-scrolling\" style=\"--awb-border-radius-top-left:0px;--awb-border-radius-top-right:0px;--awb-border-radius-bottom-right:0px;--awb-border-radius-bottom-left:0px;--awb-flex-wrap:wrap;\" ><div class=\"fusion-builder-row fusion-row fusion-flex-align-items-flex-start fusion-flex-content-wrap\" style=\"max-width:1996.8px;margin-left: calc(-4% \/ 2 );margin-right: calc(-4% \/ 2 );\"><div class=\"fusion-layout-column fusion_builder_column fusion-builder-column-3 fusion_builder_column_1_5 1_5 fusion-flex-column\" style=\"--awb-bg-size:cover;--awb-width-large:20%;--awb-margin-top-large:0px;--awb-spacing-right-large:9.6%;--awb-margin-bottom-large:20px;--awb-spacing-left-large:9.6%;--awb-width-medium:20%;--awb-order-medium:0;--awb-spacing-right-medium:9.6%;--awb-spacing-left-medium:9.6%;--awb-width-small:100%;--awb-order-small:0;--awb-spacing-right-small:1.92%;--awb-spacing-left-small:1.92%;\"><div class=\"fusion-column-wrapper fusion-column-has-shadow fusion-flex-justify-content-flex-start fusion-content-layout-column\"><\/div><\/div><div class=\"fusion-layout-column fusion_builder_column fusion-builder-column-4 fusion_builder_column_3_5 3_5 fusion-flex-column\" style=\"--awb-bg-size:cover;--awb-width-large:60%;--awb-margin-top-large:0px;--awb-spacing-right-large:3.2%;--awb-margin-bottom-large:20px;--awb-spacing-left-large:3.2%;--awb-width-medium:60%;--awb-order-medium:0;--awb-spacing-right-medium:3.2%;--awb-spacing-left-medium:3.2%;--awb-width-small:100%;--awb-order-small:0;--awb-spacing-right-small:1.92%;--awb-spacing-left-small:1.92%;\"><div class=\"fusion-column-wrapper fusion-column-has-shadow fusion-flex-justify-content-flex-start fusion-content-layout-column\"><div class=\"fusion-text fusion-text-3\" style=\"--awb-text-transform:none;\"><p style=\"text-align: center;\">Nuestras actividades est\u00e1n vinculadas a reforzar todos los aspectos de la creatividad en la educaci\u00f3n formal y no formal, mejorando el desarrollo de habilidades y competencias. Adem\u00e1s, utilizaremos diferentes herramientas de aprendizaje, recursos, materiales, cursos y m\u00f3dulos de formaci\u00f3n para fomentar la creatividad y el multiculturalismo, as\u00ed como iniciativas art\u00edsticas y culturales con una dimensi\u00f3n educativa.\n<\/p>\n<p style=\"text-align: center;\">Para ello, durante el proyecto utilizaremos herramientas did\u00e1cticas para transformar los contenidos cient\u00edficos sobre nanotecnolog\u00eda en contenidos adaptados a la edad escolar:\n<\/p>\n<p style=\"text-align: center;\">&#8211; Taller 100% experimental y sin\u00e9rgico de acercamiento a las artes pl\u00e1sticas a trav\u00e9s de la nanotecnolog\u00eda consistente en una secci\u00f3n introductoria sobre los fundamentos de la nanociencia a cargo de experimentados investigadores seguida de su posterior aplicaci\u00f3n en la creaci\u00f3n de obras pl\u00e1sticas con estas t\u00e9cnicas.\n<\/p>\n<p style=\"text-align: center;\">\u00ab- Taller 100% experiencial dedicado a las artes esc\u00e9nicas aplicadas en un viaje educativo creativo e informal sobre nanotecnolog\u00eda. Comenzando con una introducci\u00f3n sobre los fundamentos de la nanociencia, el taller ofrece una serie de ejercicios de entrenamiento teatral de personificaci\u00f3n de conceptos clave y la creaci\u00f3n de breves momentos narrativos centrados en aspectos cient\u00edficos y nanotecnol\u00f3gicos relevantes.<br \/>\n\u00ab<\/p>\n<p style=\"text-align: center;\">Adem\u00e1s, para despertar a\u00fan m\u00e1s el inter\u00e9s de los j\u00f3venes, el uso de las redes sociales ser\u00e1 un aspecto central de nuestra pol\u00edtica de difusi\u00f3n: concursos y juegos a trav\u00e9s de los perfiles sociales con un calendario de publicaciones din\u00e1mico para atraer al p\u00fablico.<\/p>\n<\/div><\/div><\/div><div class=\"fusion-layout-column fusion_builder_column fusion-builder-column-5 fusion_builder_column_1_5 1_5 fusion-flex-column\" style=\"--awb-bg-size:cover;--awb-width-large:20%;--awb-margin-top-large:0px;--awb-spacing-right-large:9.6%;--awb-margin-bottom-large:20px;--awb-spacing-left-large:9.6%;--awb-width-medium:20%;--awb-order-medium:0;--awb-spacing-right-medium:9.6%;--awb-spacing-left-medium:9.6%;--awb-width-small:100%;--awb-order-small:0;--awb-spacing-right-small:1.92%;--awb-spacing-left-small:1.92%;\"><div class=\"fusion-column-wrapper fusion-column-has-shadow fusion-flex-justify-content-flex-start fusion-content-layout-column\"><\/div><\/div><\/div><\/div><div class=\"fusion-fullwidth fullwidth-box fusion-builder-row-5 fusion-flex-container fusion-parallax-none hundred-percent-fullwidth non-hundred-percent-height-scrolling lazyload\" style=\"--link_hover_color: #000000;--link_color: #00a1d5;--awb-border-radius-top-left:0px;--awb-border-radius-top-right:0px;--awb-border-radius-bottom-right:0px;--awb-border-radius-bottom-left:0px;--awb-padding-top:90px;--awb-padding-bottom:90px;--awb-padding-right-medium:30.546999999999997px;--awb-padding-left-medium:49.547px;--awb-padding-top-small:39px;--awb-padding-right-small:30px;--awb-padding-left-small:30px;--awb-background-image:linear-gradient(0deg, rgba(0,0,0,0.21) 0%,rgba(255,255,255,0) 6%);;--awb-background-size:cover;--awb-flex-wrap:wrap;\" data-bg=\"https:\/\/eurekart-project.eu\/wp-content\/uploads\/2021\/12\/\u039a\u03b1\u03c4\u03b1\u03b3\u03c1\u03b1\u03c6\u03ae.jpg\" data-bg-gradient=\"linear-gradient(0deg, rgba(0,0,0,0.21) 0%,rgba(255,255,255,0) 6%)\" ><div class=\"fusion-builder-row fusion-row fusion-flex-align-items-flex-start fusion-flex-justify-content-center fusion-flex-content-wrap\" style=\"width:104% !important;max-width:104% !important;margin-left: calc(-4% \/ 2 );margin-right: calc(-4% \/ 2 );\"><div class=\"fusion-layout-column fusion_builder_column fusion-builder-column-6 fusion_builder_column_1_1 1_1 fusion-flex-column\" style=\"--awb-bg-size:cover;--awb-width-large:100%;--awb-margin-top-large:0px;--awb-spacing-right-large:1.92%;--awb-margin-bottom-large:20px;--awb-spacing-left-large:1.92%;--awb-width-medium:100%;--awb-order-medium:0;--awb-spacing-right-medium:1.92%;--awb-spacing-left-medium:1.92%;--awb-width-small:100%;--awb-order-small:0;--awb-spacing-right-small:1.92%;--awb-spacing-left-small:1.92%;\"><div class=\"fusion-column-wrapper fusion-column-has-shadow fusion-flex-justify-content-flex-start fusion-content-layout-column\"><div class=\"fusion-title title fusion-title-4 fusion-sep-none fusion-title-center fusion-title-text fusion-title-size-two\" style=\"--awb-text-color:#ffffff;--awb-margin-top:0px;--awb-margin-bottom:30px;--awb-font-size:60px;\"><h2 class=\"fusion-title-heading title-heading-center\" style=\"margin:0;font-size:1em;line-height:3rem;\"><p style=\"text-align: center;\">Socios<\/p><\/h2><\/div><div class=\"fusion-image-carousel fusion-image-carousel-auto fusion-image-carousel-1\"><div class=\"awb-carousel awb-swiper awb-swiper-carousel awb-swiper-dots-position-bottom awb-carousel--carousel\" data-layout=\"carousel\" data-autoplay=\"yes\" data-autoplayspeed=\"2500\" data-autoplaypause=\"no\" data-columns=\"6\" data-itemmargin=\"10\" data-itemwidth=\"180\" data-touchscroll=\"no\" data-freemode=\"no\" data-imagesize=\"auto\" data-centeredslides=\"no\" data-rotationangle=\"50\" data-depth=\"100\" data-speed=\"500\" data-shadow=\"no\" style=\"--awb-columns:6;--awb-column-spacing:10px;\"><div class=\"swiper-wrapper awb-image-carousel-wrapper fusion-flex-align-items-center\"><div class=\"swiper-slide\"><div class=\"fusion-carousel-item-wrapper\"><div class=\"fusion-image-wrapper hover-type-none\"><img decoding=\"async\" width=\"300\" height=\"300\" src=\"https:\/\/eurekart-project.eu\/wp-content\/uploads\/2021\/12\/Logo_0004_Layer-7-1.png\" class=\"attachment-full size-full lazyload\" alt=\"\" srcset=\"data:image\/svg+xml,%3Csvg%20xmlns%3D%27http%3A%2F%2Fwww.w3.org%2F2000%2Fsvg%27%20width%3D%27300%27%20height%3D%27300%27%20viewBox%3D%270%200%20300%20300%27%3E%3Crect%20width%3D%27300%27%20height%3D%27300%27%20fill-opacity%3D%220%22%2F%3E%3C%2Fsvg%3E\" data-orig-src=\"https:\/\/eurekart-project.eu\/wp-content\/uploads\/2021\/12\/Logo_0004_Layer-7-1.png\" data-srcset=\"https:\/\/eurekart-project.eu\/wp-content\/uploads\/2021\/12\/Logo_0004_Layer-7-1-200x200.png 200w, https:\/\/eurekart-project.eu\/wp-content\/uploads\/2021\/12\/Logo_0004_Layer-7-1.png 300w\" data-sizes=\"auto\" \/><\/div><\/div><\/div><div class=\"swiper-slide\"><div class=\"fusion-carousel-item-wrapper\"><div class=\"fusion-image-wrapper hover-type-none\"><img decoding=\"async\" width=\"1579\" height=\"241\" src=\"https:\/\/eurekart-project.eu\/wp-content\/uploads\/2022\/04\/Layer-2.png\" class=\"attachment-full size-full lazyload\" alt=\"\" srcset=\"data:image\/svg+xml,%3Csvg%20xmlns%3D%27http%3A%2F%2Fwww.w3.org%2F2000%2Fsvg%27%20width%3D%271579%27%20height%3D%27241%27%20viewBox%3D%270%200%201579%20241%27%3E%3Crect%20width%3D%271579%27%20height%3D%27241%27%20fill-opacity%3D%220%22%2F%3E%3C%2Fsvg%3E\" data-orig-src=\"https:\/\/eurekart-project.eu\/wp-content\/uploads\/2022\/04\/Layer-2.png\" data-srcset=\"https:\/\/eurekart-project.eu\/wp-content\/uploads\/2022\/04\/Layer-2-200x31.png 200w, https:\/\/eurekart-project.eu\/wp-content\/uploads\/2022\/04\/Layer-2-400x61.png 400w, https:\/\/eurekart-project.eu\/wp-content\/uploads\/2022\/04\/Layer-2-600x92.png 600w, https:\/\/eurekart-project.eu\/wp-content\/uploads\/2022\/04\/Layer-2-800x122.png 800w, https:\/\/eurekart-project.eu\/wp-content\/uploads\/2022\/04\/Layer-2-1200x183.png 1200w, https:\/\/eurekart-project.eu\/wp-content\/uploads\/2022\/04\/Layer-2.png 1579w\" data-sizes=\"auto\" \/><\/div><\/div><\/div><div class=\"swiper-slide\"><div class=\"fusion-carousel-item-wrapper\"><div class=\"fusion-image-wrapper hover-type-none\"><img decoding=\"async\" width=\"510\" height=\"134\" src=\"https:\/\/eurekart-project.eu\/wp-content\/uploads\/2021\/12\/Layer-1.png\" class=\"attachment-full size-full lazyload\" alt=\"\" srcset=\"data:image\/svg+xml,%3Csvg%20xmlns%3D%27http%3A%2F%2Fwww.w3.org%2F2000%2Fsvg%27%20width%3D%27510%27%20height%3D%27134%27%20viewBox%3D%270%200%20510%20134%27%3E%3Crect%20width%3D%27510%27%20height%3D%27134%27%20fill-opacity%3D%220%22%2F%3E%3C%2Fsvg%3E\" data-orig-src=\"https:\/\/eurekart-project.eu\/wp-content\/uploads\/2021\/12\/Layer-1.png\" data-srcset=\"https:\/\/eurekart-project.eu\/wp-content\/uploads\/2021\/12\/Layer-1-200x53.png 200w, https:\/\/eurekart-project.eu\/wp-content\/uploads\/2021\/12\/Layer-1-400x105.png 400w, https:\/\/eurekart-project.eu\/wp-content\/uploads\/2021\/12\/Layer-1.png 510w\" data-sizes=\"auto\" \/><\/div><\/div><\/div><div class=\"swiper-slide\"><div class=\"fusion-carousel-item-wrapper\"><div class=\"fusion-image-wrapper hover-type-none\"><img decoding=\"async\" width=\"300\" height=\"300\" src=\"https:\/\/eurekart-project.eu\/wp-content\/uploads\/2021\/12\/Logo_0003_Layer-6-1.png\" class=\"attachment-full size-full lazyload\" alt=\"\" srcset=\"data:image\/svg+xml,%3Csvg%20xmlns%3D%27http%3A%2F%2Fwww.w3.org%2F2000%2Fsvg%27%20width%3D%27300%27%20height%3D%27300%27%20viewBox%3D%270%200%20300%20300%27%3E%3Crect%20width%3D%27300%27%20height%3D%27300%27%20fill-opacity%3D%220%22%2F%3E%3C%2Fsvg%3E\" data-orig-src=\"https:\/\/eurekart-project.eu\/wp-content\/uploads\/2021\/12\/Logo_0003_Layer-6-1.png\" data-srcset=\"https:\/\/eurekart-project.eu\/wp-content\/uploads\/2021\/12\/Logo_0003_Layer-6-1-200x200.png 200w, https:\/\/eurekart-project.eu\/wp-content\/uploads\/2021\/12\/Logo_0003_Layer-6-1.png 300w\" data-sizes=\"auto\" \/><\/div><\/div><\/div><div class=\"swiper-slide\"><div class=\"fusion-carousel-item-wrapper\"><div class=\"fusion-image-wrapper hover-type-none\"><img decoding=\"async\" width=\"300\" height=\"300\" src=\"https:\/\/eurekart-project.eu\/wp-content\/uploads\/2021\/12\/Logo_0001_Layer-4-1.png\" class=\"attachment-full size-full lazyload\" alt=\"\" srcset=\"data:image\/svg+xml,%3Csvg%20xmlns%3D%27http%3A%2F%2Fwww.w3.org%2F2000%2Fsvg%27%20width%3D%27300%27%20height%3D%27300%27%20viewBox%3D%270%200%20300%20300%27%3E%3Crect%20width%3D%27300%27%20height%3D%27300%27%20fill-opacity%3D%220%22%2F%3E%3C%2Fsvg%3E\" data-orig-src=\"https:\/\/eurekart-project.eu\/wp-content\/uploads\/2021\/12\/Logo_0001_Layer-4-1.png\" data-srcset=\"https:\/\/eurekart-project.eu\/wp-content\/uploads\/2021\/12\/Logo_0001_Layer-4-1-200x200.png 200w, https:\/\/eurekart-project.eu\/wp-content\/uploads\/2021\/12\/Logo_0001_Layer-4-1.png 300w\" data-sizes=\"auto\" \/><\/div><\/div><\/div><div class=\"swiper-slide\"><div class=\"fusion-carousel-item-wrapper\"><div class=\"fusion-image-wrapper hover-type-none\"><img decoding=\"async\" width=\"300\" height=\"300\" src=\"https:\/\/eurekart-project.eu\/wp-content\/uploads\/2021\/12\/Logo_0006_Layer-9-1.png\" class=\"attachment-full size-full lazyload\" alt=\"\" srcset=\"data:image\/svg+xml,%3Csvg%20xmlns%3D%27http%3A%2F%2Fwww.w3.org%2F2000%2Fsvg%27%20width%3D%27300%27%20height%3D%27300%27%20viewBox%3D%270%200%20300%20300%27%3E%3Crect%20width%3D%27300%27%20height%3D%27300%27%20fill-opacity%3D%220%22%2F%3E%3C%2Fsvg%3E\" data-orig-src=\"https:\/\/eurekart-project.eu\/wp-content\/uploads\/2021\/12\/Logo_0006_Layer-9-1.png\" data-srcset=\"https:\/\/eurekart-project.eu\/wp-content\/uploads\/2021\/12\/Logo_0006_Layer-9-1-200x200.png 200w, https:\/\/eurekart-project.eu\/wp-content\/uploads\/2021\/12\/Logo_0006_Layer-9-1.png 300w\" data-sizes=\"auto\" \/><\/div><\/div><\/div><\/div><\/div><\/div><\/div><\/div><\/div><\/div><\/p>\n","protected":false},"excerpt":{"rendered":"","protected":false},"author":1,"featured_media":0,"parent":0,"menu_order":0,"comment_status":"closed","ping_status":"closed","template":"100-width.php","meta":{"footnotes":""},"class_list":["post-1977","page","type-page","status-publish","hentry"],"_links":{"self":[{"href":"https:\/\/eurekart-project.eu\/es\/wp-json\/wp\/v2\/pages\/1977","targetHints":{"allow":["GET"]}}],"collection":[{"href":"https:\/\/eurekart-project.eu\/es\/wp-json\/wp\/v2\/pages"}],"about":[{"href":"https:\/\/eurekart-project.eu\/es\/wp-json\/wp\/v2\/types\/page"}],"author":[{"embeddable":true,"href":"https:\/\/eurekart-project.eu\/es\/wp-json\/wp\/v2\/users\/1"}],"replies":[{"embeddable":true,"href":"https:\/\/eurekart-project.eu\/es\/wp-json\/wp\/v2\/comments?post=1977"}],"version-history":[{"count":4,"href":"https:\/\/eurekart-project.eu\/es\/wp-json\/wp\/v2\/pages\/1977\/revisions"}],"predecessor-version":[{"id":1981,"href":"https:\/\/eurekart-project.eu\/es\/wp-json\/wp\/v2\/pages\/1977\/revisions\/1981"}],"wp:attachment":[{"href":"https:\/\/eurekart-project.eu\/es\/wp-json\/wp\/v2\/media?parent=1977"}],"curies":[{"name":"wp","href":"https:\/\/api.w.org\/{rel}","templated":true}]}}