{"id":1982,"date":"2022-04-21T10:48:46","date_gmt":"2022-04-21T07:48:46","guid":{"rendered":"https:\/\/eurekart-project.eu\/?page_id=1982"},"modified":"2023-01-26T12:18:03","modified_gmt":"2023-01-26T09:18:03","slug":"risultati-attesi","status":"publish","type":"page","link":"https:\/\/eurekart-project.eu\/it\/risultati-attesi\/","title":{"rendered":"Risultati attesi"},"content":{"rendered":"<p><div class=\"fusion-fullwidth fullwidth-box fusion-builder-row-1 fusion-flex-container fusion-parallax-none nonhundred-percent-fullwidth non-hundred-percent-height-scrolling fusion-no-small-visibility fusion-no-medium-visibility lazyload\" style=\"--awb-border-radius-top-left:0px;--awb-border-radius-top-right:0px;--awb-border-radius-bottom-right:0px;--awb-border-radius-bottom-left:0px;--awb-min-height:420px;--awb-background-size:cover;--awb-flex-wrap:wrap;\" data-bg=\"https:\/\/eurekart-project.eu\/wp-content\/uploads\/2021\/12\/About-us_0003_Layer-1.jpg\" ><div class=\"fusion-builder-row fusion-row fusion-flex-align-items-flex-start fusion-flex-align-content-center fusion-flex-content-wrap\" style=\"max-width:1996.8px;margin-left: calc(-4% \/ 2 );margin-right: calc(-4% \/ 2 );\"><div class=\"fusion-layout-column fusion_builder_column fusion-builder-column-0 fusion_builder_column_1_1 1_1 fusion-flex-column\" style=\"--awb-bg-size:cover;--awb-width-large:100%;--awb-margin-top-large:0px;--awb-spacing-right-large:1.92%;--awb-margin-bottom-large:20px;--awb-spacing-left-large:1.92%;--awb-width-medium:100%;--awb-order-medium:0;--awb-spacing-right-medium:1.92%;--awb-spacing-left-medium:1.92%;--awb-width-small:100%;--awb-order-small:0;--awb-spacing-right-small:1.92%;--awb-spacing-left-small:1.92%;\"><div class=\"fusion-column-wrapper fusion-column-has-shadow fusion-flex-justify-content-flex-start fusion-content-layout-column\"><div class=\"fusion-title title fusion-title-1 fusion-sep-none fusion-title-center fusion-title-rotating fusion-animate-once fusion-title-typeIn fusion-title-size-one\" style=\"--awb-text-color:#ffffff;--awb-margin-top:0px;--awb-font-size:85px;\"><h1 class=\"fusion-title-heading title-heading-center\" style=\"font-family:&quot;PT Sans&quot;;font-style:normal;font-weight:700;margin:0;font-size:1em;\"><span class=\"fusion-animated-text-prefix\"><\/span> <span class=\"fusion-animated-texts-wrapper\" style=\"text-align: center;\" data-length=\"char\" data-minDisplayTime=\"1200\"><span class=\"fusion-animated-texts\"><span data-in-effect=\"typeIn\" class=\"fusion-animated-text\" data-in-sequence=\"true\" data-out-reverse=\"true\" data-out-effect=\"typeOut\">Risultati attesi<\/span><\/span><\/span> <span class=\"fusion-animated-text-postfix\"><\/span><\/h1><\/div><\/div><\/div><\/div><\/div><div class=\"fusion-fullwidth fullwidth-box fusion-builder-row-2 fusion-flex-container fusion-parallax-none nonhundred-percent-fullwidth non-hundred-percent-height-scrolling fusion-no-large-visibility lazyload\" style=\"--awb-border-radius-top-left:0px;--awb-border-radius-top-right:0px;--awb-border-radius-bottom-right:0px;--awb-border-radius-bottom-left:0px;--awb-min-height:220px;--awb-background-size:cover;--awb-flex-wrap:wrap;\" data-bg=\"https:\/\/eurekart-project.eu\/wp-content\/uploads\/2021\/12\/About-us_0003_Layer-1.jpg\" ><div class=\"fusion-builder-row fusion-row fusion-flex-align-items-center fusion-flex-align-content-center fusion-flex-justify-content-center fusion-flex-content-wrap\" style=\"max-width:1996.8px;margin-left: calc(-4% \/ 2 );margin-right: calc(-4% \/ 2 );\"><div class=\"fusion-layout-column fusion_builder_column fusion-builder-column-1 fusion_builder_column_1_1 1_1 fusion-flex-column\" style=\"--awb-bg-size:cover;--awb-width-large:100%;--awb-margin-top-large:0px;--awb-spacing-right-large:1.92%;--awb-margin-bottom-large:20px;--awb-spacing-left-large:1.92%;--awb-width-medium:100%;--awb-order-medium:0;--awb-spacing-right-medium:1.92%;--awb-spacing-left-medium:1.92%;--awb-width-small:100%;--awb-order-small:0;--awb-spacing-right-small:1.92%;--awb-spacing-left-small:1.92%;\"><div class=\"fusion-column-wrapper fusion-column-has-shadow fusion-flex-justify-content-flex-start fusion-content-layout-column\"><div class=\"fusion-title title fusion-title-2 fusion-sep-none fusion-title-center fusion-title-rotating fusion-animate-once fusion-title-typeIn fusion-title-size-one\" style=\"--awb-text-color:#ffffff;--awb-margin-top:0px;--awb-font-size:65px;\"><h1 class=\"fusion-title-heading title-heading-center\" style=\"font-family:&quot;PT Sans&quot;;font-style:normal;font-weight:700;margin:0;font-size:1em;\"><span class=\"fusion-animated-text-prefix\"><\/span> <span class=\"fusion-animated-texts-wrapper\" style=\"text-align: center;\" data-length=\"char\" data-minDisplayTime=\"1200\"><span class=\"fusion-animated-texts\"><span data-in-effect=\"typeIn\" class=\"fusion-animated-text\" data-in-sequence=\"true\" data-out-reverse=\"true\" data-out-effect=\"typeOut\">Risultati attesi<\/span><\/span><\/span> <span class=\"fusion-animated-text-postfix\"><\/span><\/h1><\/div><\/div><\/div><\/div><\/div><div class=\"fusion-fullwidth fullwidth-box fusion-builder-row-3 fusion-flex-container nonhundred-percent-fullwidth non-hundred-percent-height-scrolling\" style=\"--link_hover_color: #000000;--link_color: #cec18a;--awb-border-radius-top-left:0px;--awb-border-radius-top-right:0px;--awb-border-radius-bottom-right:0px;--awb-border-radius-bottom-left:0px;--awb-padding-top:40px;--awb-flex-wrap:wrap;\" ><div class=\"fusion-builder-row fusion-row fusion-flex-align-items-flex-start fusion-flex-content-wrap\" style=\"max-width:1996.8px;margin-left: calc(-4% \/ 2 );margin-right: calc(-4% \/ 2 );\"><div class=\"fusion-layout-column fusion_builder_column fusion-builder-column-2 fusion_builder_column_1_1 1_1 fusion-flex-column fusion-flex-align-self-stretch fusion-animated\" style=\"--awb-bg-size:cover;--awb-width-large:100%;--awb-margin-top-large:0px;--awb-spacing-right-large:1.92%;--awb-margin-bottom-large:20px;--awb-spacing-left-large:1.92%;--awb-width-medium:100%;--awb-order-medium:0;--awb-spacing-right-medium:1.92%;--awb-spacing-left-medium:1.92%;--awb-width-small:100%;--awb-order-small:0;--awb-spacing-right-small:1.92%;--awb-spacing-left-small:1.92%;\" data-animationType=\"fadeInRight\" data-animationDuration=\"1.0\" data-animationOffset=\"top-into-view\"><div class=\"fusion-column-wrapper fusion-column-has-shadow fusion-flex-justify-content-center fusion-content-layout-column\"><div class=\"fusion-text fusion-text-1 sm-text-align-center\" style=\"--awb-font-size:14px;--awb-letter-spacing:2px;--awb-text-transform:none;\"><p style=\"text-align: center;\"><strong>EurokArt Risultati Attesi<br \/>\n<\/strong><\/p>\n<\/div><div class=\"fusion-title title fusion-title-3 fusion-sep-none fusion-title-text fusion-title-size-two fusion-animated lettersbord\" style=\"--awb-margin-top:0px;--awb-margin-bottom:30px;--awb-font-size:60px;\" data-animationType=\"lightspeedin\" data-animationDuration=\"0.3\" data-animationOffset=\"top-into-view\"><h2 class=\"fusion-title-heading title-heading-left sm-text-align-center\" style=\"margin:0;font-size:1em;line-height:3rem;\"><p style=\"text-align: center;\"><span style=\"color: #ffffff;\">Risultati attesi<\/span><\/p><\/h2><\/div><div class=\"fusion-text fusion-text-2 sm-text-align-center\" style=\"--awb-text-transform:none;\"><p style=\"text-align: center;\">I risultati che speriamo di ottenere fanno parte dell&#8217;impatto potenziale del progetto, garantito dallo sviluppo e dall&#8217;applicazione di pratiche innovative nel campo dell&#8217;istruzione e della formazione.<\/p>\n<\/div><div class=\"fusion-separator fusion-full-width-sep\" style=\"align-self: center;margin-left: auto;margin-right: auto;margin-top:15px;width:100%;\"><\/div><\/div><\/div><\/div><\/div><div class=\"fusion-fullwidth fullwidth-box fusion-builder-row-4 fusion-flex-container nonhundred-percent-fullwidth non-hundred-percent-height-scrolling\" style=\"--awb-border-radius-top-left:0px;--awb-border-radius-top-right:0px;--awb-border-radius-bottom-right:0px;--awb-border-radius-bottom-left:0px;--awb-flex-wrap:wrap;\" ><div class=\"fusion-builder-row fusion-row fusion-flex-align-items-flex-start fusion-flex-content-wrap\" style=\"max-width:1996.8px;margin-left: calc(-4% \/ 2 );margin-right: calc(-4% \/ 2 );\"><div class=\"fusion-layout-column fusion_builder_column fusion-builder-column-3 fusion_builder_column_1_5 1_5 fusion-flex-column\" style=\"--awb-bg-size:cover;--awb-width-large:20%;--awb-margin-top-large:0px;--awb-spacing-right-large:9.6%;--awb-margin-bottom-large:20px;--awb-spacing-left-large:9.6%;--awb-width-medium:20%;--awb-order-medium:0;--awb-spacing-right-medium:9.6%;--awb-spacing-left-medium:9.6%;--awb-width-small:100%;--awb-order-small:0;--awb-spacing-right-small:1.92%;--awb-spacing-left-small:1.92%;\"><div class=\"fusion-column-wrapper fusion-column-has-shadow fusion-flex-justify-content-flex-start fusion-content-layout-column\"><\/div><\/div><div class=\"fusion-layout-column fusion_builder_column fusion-builder-column-4 fusion_builder_column_3_5 3_5 fusion-flex-column\" style=\"--awb-bg-size:cover;--awb-width-large:60%;--awb-margin-top-large:0px;--awb-spacing-right-large:3.2%;--awb-margin-bottom-large:20px;--awb-spacing-left-large:3.2%;--awb-width-medium:60%;--awb-order-medium:0;--awb-spacing-right-medium:3.2%;--awb-spacing-left-medium:3.2%;--awb-width-small:100%;--awb-order-small:0;--awb-spacing-right-small:1.92%;--awb-spacing-left-small:1.92%;\"><div class=\"fusion-column-wrapper fusion-column-has-shadow fusion-flex-justify-content-flex-start fusion-content-layout-column\"><div class=\"fusion-text fusion-text-3\" style=\"--awb-text-transform:none;\"><p style=\"text-align: center;\">Le nostre attivit\u00e0 sono legate al rafforzamento di tutti gli aspetti della creativit\u00e0 nell&#8217;educazione formale e non formale, migliorando lo sviluppo di abilit\u00e0 e competenze. Inoltre, utilizzeremo una variet\u00e0 di strumenti di apprendimento, risorse, materiali, corsi e moduli di formazione per promuovere la creativit\u00e0 e il multiculturalismo, nonch\u00e9 iniziative artistiche e culturali con una dimensione educativa.<\/p>\n<p style=\"text-align: center;\">A tal fine, durante il progetto utilizzeremo strumenti didattici per trasformare i contenuti scientifici sulle nanotecnologie in contenuti adatti all&#8217;et\u00e0 scolare:<\/p>\n<p style=\"text-align: center;\">&#8211; Laboratorio sperimentale e sinergico al 100% di approccio alle arti plastiche attraverso le nanotecnologie, che consiste in una sezione introduttiva sui fondamenti delle nanoscienze da parte di ricercatori esperti, seguita dalla successiva applicazione nella creazione di opere plastiche con queste tecniche.<\/p>\n<p style=\"text-align: center;\">&#8211; Laboratorio esperienziale al 100% dedicato alle arti sceniche applicate in un percorso creativo e informale di educazione alle nanotecnologie. Partendo da una introduzione sui fondamenti delle nanoscienze, il laboratorio propone una serie di esercizi di training teatrale di personificazione di concetti chiave e la creazione di brevi momenti di storytelling incentrati su rilevanti aspetti scientifici e nanotecnologici.<\/p>\n<p style=\"text-align: center;\">Inoltre, per risvegliare ancora di pi\u00f9 l&#8217;interesse dei giovani, l&#8217;uso dei social network sar\u00e0 un aspetto centrale della nostra politica di divulgazione: concorsi e giochi attraverso i profili social con un calendario di pubblicazioni dinamico per attirare il pubblico.<\/p>\n<\/div><\/div><\/div><div class=\"fusion-layout-column fusion_builder_column fusion-builder-column-5 fusion_builder_column_1_5 1_5 fusion-flex-column\" style=\"--awb-bg-size:cover;--awb-width-large:20%;--awb-margin-top-large:0px;--awb-spacing-right-large:9.6%;--awb-margin-bottom-large:20px;--awb-spacing-left-large:9.6%;--awb-width-medium:20%;--awb-order-medium:0;--awb-spacing-right-medium:9.6%;--awb-spacing-left-medium:9.6%;--awb-width-small:100%;--awb-order-small:0;--awb-spacing-right-small:1.92%;--awb-spacing-left-small:1.92%;\"><div class=\"fusion-column-wrapper fusion-column-has-shadow fusion-flex-justify-content-flex-start fusion-content-layout-column\"><\/div><\/div><\/div><\/div><div class=\"fusion-fullwidth fullwidth-box fusion-builder-row-5 fusion-flex-container fusion-parallax-none hundred-percent-fullwidth non-hundred-percent-height-scrolling lazyload\" style=\"--link_hover_color: #000000;--link_color: #00a1d5;--awb-border-radius-top-left:0px;--awb-border-radius-top-right:0px;--awb-border-radius-bottom-right:0px;--awb-border-radius-bottom-left:0px;--awb-padding-top:90px;--awb-padding-bottom:90px;--awb-padding-right-medium:30.546999999999997px;--awb-padding-left-medium:49.547px;--awb-padding-top-small:39px;--awb-padding-right-small:30px;--awb-padding-left-small:30px;--awb-background-image:linear-gradient(0deg, rgba(0,0,0,0.21) 0%,rgba(255,255,255,0) 6%);;--awb-background-size:cover;--awb-flex-wrap:wrap;\" data-bg=\"https:\/\/eurekart-project.eu\/wp-content\/uploads\/2021\/12\/\u039a\u03b1\u03c4\u03b1\u03b3\u03c1\u03b1\u03c6\u03ae.jpg\" data-bg-gradient=\"linear-gradient(0deg, rgba(0,0,0,0.21) 0%,rgba(255,255,255,0) 6%)\" ><div class=\"fusion-builder-row fusion-row fusion-flex-align-items-flex-start fusion-flex-justify-content-center fusion-flex-content-wrap\" style=\"width:104% !important;max-width:104% !important;margin-left: calc(-4% \/ 2 );margin-right: calc(-4% \/ 2 );\"><div class=\"fusion-layout-column fusion_builder_column fusion-builder-column-6 fusion_builder_column_1_1 1_1 fusion-flex-column\" style=\"--awb-bg-size:cover;--awb-width-large:100%;--awb-margin-top-large:0px;--awb-spacing-right-large:1.92%;--awb-margin-bottom-large:20px;--awb-spacing-left-large:1.92%;--awb-width-medium:100%;--awb-order-medium:0;--awb-spacing-right-medium:1.92%;--awb-spacing-left-medium:1.92%;--awb-width-small:100%;--awb-order-small:0;--awb-spacing-right-small:1.92%;--awb-spacing-left-small:1.92%;\"><div class=\"fusion-column-wrapper fusion-column-has-shadow fusion-flex-justify-content-flex-start fusion-content-layout-column\"><div class=\"fusion-title title fusion-title-4 fusion-sep-none fusion-title-center fusion-title-text fusion-title-size-two\" style=\"--awb-text-color:#ffffff;--awb-margin-top:0px;--awb-margin-bottom:30px;--awb-font-size:60px;\"><h2 class=\"fusion-title-heading title-heading-center\" style=\"margin:0;font-size:1em;line-height:3rem;\"><p style=\"text-align: center;\">Partner<\/p><\/h2><\/div><div class=\"fusion-image-carousel fusion-image-carousel-auto fusion-image-carousel-1\"><div class=\"awb-carousel awb-swiper awb-swiper-carousel awb-swiper-dots-position-bottom awb-carousel--carousel\" data-layout=\"carousel\" data-autoplay=\"yes\" data-autoplayspeed=\"2500\" data-autoplaypause=\"no\" data-columns=\"6\" data-itemmargin=\"10\" data-itemwidth=\"180\" data-touchscroll=\"no\" data-freemode=\"no\" data-imagesize=\"auto\" data-centeredslides=\"no\" data-rotationangle=\"50\" data-depth=\"100\" data-speed=\"500\" data-shadow=\"no\" style=\"--awb-columns:6;--awb-column-spacing:10px;\"><div class=\"swiper-wrapper awb-image-carousel-wrapper fusion-flex-align-items-center\"><div class=\"swiper-slide\"><div class=\"fusion-carousel-item-wrapper\"><div class=\"fusion-image-wrapper hover-type-none\"><img decoding=\"async\" width=\"300\" height=\"300\" src=\"https:\/\/eurekart-project.eu\/wp-content\/uploads\/2021\/12\/Logo_0004_Layer-7-1.png\" class=\"attachment-full size-full lazyload\" alt=\"\" srcset=\"data:image\/svg+xml,%3Csvg%20xmlns%3D%27http%3A%2F%2Fwww.w3.org%2F2000%2Fsvg%27%20width%3D%27300%27%20height%3D%27300%27%20viewBox%3D%270%200%20300%20300%27%3E%3Crect%20width%3D%27300%27%20height%3D%27300%27%20fill-opacity%3D%220%22%2F%3E%3C%2Fsvg%3E\" data-orig-src=\"https:\/\/eurekart-project.eu\/wp-content\/uploads\/2021\/12\/Logo_0004_Layer-7-1.png\" data-srcset=\"https:\/\/eurekart-project.eu\/wp-content\/uploads\/2021\/12\/Logo_0004_Layer-7-1-200x200.png 200w, https:\/\/eurekart-project.eu\/wp-content\/uploads\/2021\/12\/Logo_0004_Layer-7-1.png 300w\" data-sizes=\"auto\" \/><\/div><\/div><\/div><div class=\"swiper-slide\"><div class=\"fusion-carousel-item-wrapper\"><div class=\"fusion-image-wrapper hover-type-none\"><img decoding=\"async\" width=\"1579\" height=\"241\" src=\"https:\/\/eurekart-project.eu\/wp-content\/uploads\/2022\/04\/Layer-2.png\" class=\"attachment-full size-full lazyload\" alt=\"\" srcset=\"data:image\/svg+xml,%3Csvg%20xmlns%3D%27http%3A%2F%2Fwww.w3.org%2F2000%2Fsvg%27%20width%3D%271579%27%20height%3D%27241%27%20viewBox%3D%270%200%201579%20241%27%3E%3Crect%20width%3D%271579%27%20height%3D%27241%27%20fill-opacity%3D%220%22%2F%3E%3C%2Fsvg%3E\" data-orig-src=\"https:\/\/eurekart-project.eu\/wp-content\/uploads\/2022\/04\/Layer-2.png\" data-srcset=\"https:\/\/eurekart-project.eu\/wp-content\/uploads\/2022\/04\/Layer-2-200x31.png 200w, https:\/\/eurekart-project.eu\/wp-content\/uploads\/2022\/04\/Layer-2-400x61.png 400w, https:\/\/eurekart-project.eu\/wp-content\/uploads\/2022\/04\/Layer-2-600x92.png 600w, https:\/\/eurekart-project.eu\/wp-content\/uploads\/2022\/04\/Layer-2-800x122.png 800w, https:\/\/eurekart-project.eu\/wp-content\/uploads\/2022\/04\/Layer-2-1200x183.png 1200w, https:\/\/eurekart-project.eu\/wp-content\/uploads\/2022\/04\/Layer-2.png 1579w\" data-sizes=\"auto\" \/><\/div><\/div><\/div><div class=\"swiper-slide\"><div class=\"fusion-carousel-item-wrapper\"><div class=\"fusion-image-wrapper hover-type-none\"><img decoding=\"async\" width=\"510\" height=\"134\" src=\"https:\/\/eurekart-project.eu\/wp-content\/uploads\/2021\/12\/Layer-1.png\" class=\"attachment-full size-full lazyload\" alt=\"\" srcset=\"data:image\/svg+xml,%3Csvg%20xmlns%3D%27http%3A%2F%2Fwww.w3.org%2F2000%2Fsvg%27%20width%3D%27510%27%20height%3D%27134%27%20viewBox%3D%270%200%20510%20134%27%3E%3Crect%20width%3D%27510%27%20height%3D%27134%27%20fill-opacity%3D%220%22%2F%3E%3C%2Fsvg%3E\" data-orig-src=\"https:\/\/eurekart-project.eu\/wp-content\/uploads\/2021\/12\/Layer-1.png\" data-srcset=\"https:\/\/eurekart-project.eu\/wp-content\/uploads\/2021\/12\/Layer-1-200x53.png 200w, https:\/\/eurekart-project.eu\/wp-content\/uploads\/2021\/12\/Layer-1-400x105.png 400w, https:\/\/eurekart-project.eu\/wp-content\/uploads\/2021\/12\/Layer-1.png 510w\" data-sizes=\"auto\" \/><\/div><\/div><\/div><div class=\"swiper-slide\"><div class=\"fusion-carousel-item-wrapper\"><div class=\"fusion-image-wrapper hover-type-none\"><img decoding=\"async\" width=\"300\" height=\"300\" src=\"https:\/\/eurekart-project.eu\/wp-content\/uploads\/2021\/12\/Logo_0003_Layer-6-1.png\" class=\"attachment-full size-full lazyload\" alt=\"\" srcset=\"data:image\/svg+xml,%3Csvg%20xmlns%3D%27http%3A%2F%2Fwww.w3.org%2F2000%2Fsvg%27%20width%3D%27300%27%20height%3D%27300%27%20viewBox%3D%270%200%20300%20300%27%3E%3Crect%20width%3D%27300%27%20height%3D%27300%27%20fill-opacity%3D%220%22%2F%3E%3C%2Fsvg%3E\" data-orig-src=\"https:\/\/eurekart-project.eu\/wp-content\/uploads\/2021\/12\/Logo_0003_Layer-6-1.png\" data-srcset=\"https:\/\/eurekart-project.eu\/wp-content\/uploads\/2021\/12\/Logo_0003_Layer-6-1-200x200.png 200w, https:\/\/eurekart-project.eu\/wp-content\/uploads\/2021\/12\/Logo_0003_Layer-6-1.png 300w\" data-sizes=\"auto\" \/><\/div><\/div><\/div><div class=\"swiper-slide\"><div class=\"fusion-carousel-item-wrapper\"><div class=\"fusion-image-wrapper hover-type-none\"><img decoding=\"async\" width=\"300\" height=\"300\" src=\"https:\/\/eurekart-project.eu\/wp-content\/uploads\/2021\/12\/Logo_0001_Layer-4-1.png\" class=\"attachment-full size-full lazyload\" alt=\"\" srcset=\"data:image\/svg+xml,%3Csvg%20xmlns%3D%27http%3A%2F%2Fwww.w3.org%2F2000%2Fsvg%27%20width%3D%27300%27%20height%3D%27300%27%20viewBox%3D%270%200%20300%20300%27%3E%3Crect%20width%3D%27300%27%20height%3D%27300%27%20fill-opacity%3D%220%22%2F%3E%3C%2Fsvg%3E\" data-orig-src=\"https:\/\/eurekart-project.eu\/wp-content\/uploads\/2021\/12\/Logo_0001_Layer-4-1.png\" data-srcset=\"https:\/\/eurekart-project.eu\/wp-content\/uploads\/2021\/12\/Logo_0001_Layer-4-1-200x200.png 200w, https:\/\/eurekart-project.eu\/wp-content\/uploads\/2021\/12\/Logo_0001_Layer-4-1.png 300w\" data-sizes=\"auto\" \/><\/div><\/div><\/div><div class=\"swiper-slide\"><div class=\"fusion-carousel-item-wrapper\"><div class=\"fusion-image-wrapper hover-type-none\"><img decoding=\"async\" width=\"300\" height=\"300\" src=\"https:\/\/eurekart-project.eu\/wp-content\/uploads\/2021\/12\/Logo_0006_Layer-9-1.png\" class=\"attachment-full size-full lazyload\" alt=\"\" srcset=\"data:image\/svg+xml,%3Csvg%20xmlns%3D%27http%3A%2F%2Fwww.w3.org%2F2000%2Fsvg%27%20width%3D%27300%27%20height%3D%27300%27%20viewBox%3D%270%200%20300%20300%27%3E%3Crect%20width%3D%27300%27%20height%3D%27300%27%20fill-opacity%3D%220%22%2F%3E%3C%2Fsvg%3E\" data-orig-src=\"https:\/\/eurekart-project.eu\/wp-content\/uploads\/2021\/12\/Logo_0006_Layer-9-1.png\" data-srcset=\"https:\/\/eurekart-project.eu\/wp-content\/uploads\/2021\/12\/Logo_0006_Layer-9-1-200x200.png 200w, https:\/\/eurekart-project.eu\/wp-content\/uploads\/2021\/12\/Logo_0006_Layer-9-1.png 300w\" data-sizes=\"auto\" \/><\/div><\/div><\/div><\/div><\/div><\/div><\/div><\/div><\/div><\/div><\/p>\n","protected":false},"excerpt":{"rendered":"","protected":false},"author":1,"featured_media":0,"parent":0,"menu_order":0,"comment_status":"closed","ping_status":"closed","template":"100-width.php","meta":{"footnotes":""},"class_list":["post-1982","page","type-page","status-publish","hentry"],"_links":{"self":[{"href":"https:\/\/eurekart-project.eu\/it\/wp-json\/wp\/v2\/pages\/1982","targetHints":{"allow":["GET"]}}],"collection":[{"href":"https:\/\/eurekart-project.eu\/it\/wp-json\/wp\/v2\/pages"}],"about":[{"href":"https:\/\/eurekart-project.eu\/it\/wp-json\/wp\/v2\/types\/page"}],"author":[{"embeddable":true,"href":"https:\/\/eurekart-project.eu\/it\/wp-json\/wp\/v2\/users\/1"}],"replies":[{"embeddable":true,"href":"https:\/\/eurekart-project.eu\/it\/wp-json\/wp\/v2\/comments?post=1982"}],"version-history":[{"count":4,"href":"https:\/\/eurekart-project.eu\/it\/wp-json\/wp\/v2\/pages\/1982\/revisions"}],"predecessor-version":[{"id":2713,"href":"https:\/\/eurekart-project.eu\/it\/wp-json\/wp\/v2\/pages\/1982\/revisions\/2713"}],"wp:attachment":[{"href":"https:\/\/eurekart-project.eu\/it\/wp-json\/wp\/v2\/media?parent=1982"}],"curies":[{"name":"wp","href":"https:\/\/api.w.org\/{rel}","templated":true}]}}